{"id":10,"date":"2014-10-24T19:28:02","date_gmt":"2014-10-24T17:28:02","guid":{"rendered":"http:\/\/vacutrening.pl\/?page_id=10"},"modified":"2014-11-07T20:22:58","modified_gmt":"2014-11-07T19:22:58","slug":"regulamin","status":"publish","type":"page","link":"https:\/\/vacutrening.pl\/?page_id=10","title":{"rendered":"Regulamin"},"content":{"rendered":"<p>&nbsp;<\/p>\n<h4><strong>I. Klient Studia<\/strong><\/h4>\n<p style=\"padding-left: 30px;\">1. \u00a0 \u00a0 Klientem studia mo\u017ce by\u0107 tylko i wy\u0142\u0105cznie osoba pe\u0142noletnia. W przypadku os\u00f3b niepe\u0142noletnich wymagane jest okazanie pisemnej zgody od rodzic\u00f3w przed przyst\u0105pieniem do \u0107wicze\u0144.<\/p>\n<p style=\"padding-left: 30px;\">2. \u00a0 \u00a0 Przed skorzystaniem z us\u0142ug klient zobowi\u0105zany jest do zapoznania si\u0119 z niniejszym regulaminem, zaznajomieniem si\u0119 ze sposobem korzystania z urz\u0105dze\u0144 oraz ich obs\u0142ug\u0105, a tak\u017ce z przeciwwskazaniami dotycz\u0105cymi korzystania z poszczeg\u00f3lnych urz\u0105dze\u0144.<\/p>\n<p style=\"padding-left: 30px;\">3. \u00a0 \u00a0 W przypadku spe\u0142nienia wszystkich powy\u017cszych warunk\u00f3w, klient zobowi\u0105zany jest do uiszczenia op\u0142aty wed\u0142ug <a href=\"http:\/\/vacutrening.pl\/?page_id=12\">obowi\u0105zuj\u0105cego cennika<\/a>, lub do okazania stosownego karnetu.<\/p>\n<h4>\u00a0<strong>II.\u00a0Ubi\u00f3r<\/strong><\/h4>\n<p>\u0106wiczenia mog\u0105 by\u0107 wykonywane tylko i wy\u0142\u0105cznie w nast\u0119puj\u0105cym stroju:<\/p>\n<p>&nbsp;<\/p>\n<p style=\"padding-left: 30px;\">\u2666 \u00a0 \u00a0 <strong><a href=\"http:\/\/vacutrening.pl\/?page_id=124\">Kapsu\u0142y BodyShape<\/a><\/strong> \u2013 czyste, wygodne obuwie, spodenki oraz koszulka,<\/p>\n<p style=\"padding-left: 30px;\">\u2666 \u00a0 \u00a0 <strong><a href=\"http:\/\/vacutrening.pl\/?page_id=126\">Rollmasa\u017c RollShape<\/a><\/strong> \u2013 getry, skarpety, koszulka,<\/p>\n<p style=\"padding-left: 30px;\">\u2666 \u00a0 \u00a0<strong> <a href=\"http:\/\/vacutrening.pl\/?page_id=128\">Platforma wibracyjna VibraShape<\/a> <\/strong>\u2013 wygodny str\u00f3j sportowy.<\/p>\n<h4><strong>III. Korzystanie z urz\u0105dze\u0144 Studia Modelowania Sylwetki<\/strong><\/h4>\n<p style=\"padding-left: 30px;\">1. \u00a0 \u00a0 Pierwsze\u0144stwo do korzystania z us\u0142ug maj\u0105 ci klienci, kt\u00f3rzy dokonali wcze\u015bniejszej rezerwacji za po\u015brednictwem telefonu, poczty elektronicznej lub osobistej wizyty w recepcji.<\/p>\n<p style=\"padding-left: 30px;\">2. \u00a0 \u00a0 W przypadku nieprzewidzianych sytuacji losowych, dokonan\u0105 wcze\u015bniej rezerwacj\u0119 odwo\u0142a\u0107 mo\u017cna najp\u00f3\u017aniej:<\/p>\n<p style=\"padding-left: 30px;\">3. \u00a0 \u00a0 W przypadku seans\u00f3w porannych (do godziny 14:00) \u2013 w dniu porzedzaj\u0105cym do godziny 20:00<\/p>\n<p style=\"padding-left: 30px;\">4. \u00a0 \u00a0 W przypadku seans\u00f3w popo\u0142udniowych (po godzinie 14:00) \u2013 w dniu bie\u017c\u0105cym, ale nie p\u00f3\u017aniej ni\u017c do godziny 10:00.<\/p>\n<p style=\"padding-left: 30px;\">5. \u00a0 \u00a0 Zastrzega si\u0119, \u017ce w przypadku nieodwo\u0142ania rezerwacji nast\u0119puje zaliczenie us\u0142ugi na karnecie lub utrata wniesionej op\u0142aty.<\/p>\n<p style=\"padding-left: 30px;\">6. \u00a0 \u00a0 Osoby, kt\u00f3re nie posiadaj\u0105 karnetu zobowi\u0105zane s\u0105 do potwierdzenia rezerwacji najp\u00f3\u017aniej na godzin\u0119 przed jej terminem. W przypadku braku potwierdzenia, personel anuluje rezerwacj\u0119.<\/p>\n<p style=\"padding-left: 30px;\">7. \u00a0 \u00a0 Klienci z zakupionym karnetem zobowi\u0105zani s\u0105 do przyj\u015bcia punktualnie na um\u00f3wion\u0105 wcze\u015bniej godzin\u0119. W przypadku sp\u00f3\u017anienia, czas zabiegu mo\u017ce ulec skr\u00f3ceniu, a w przypadku zbyt du\u017cego sp\u00f3\u017anienia mo\u017cliwe jest tak\u017ce anulowanie rezerwacji. W obu tych przypadkach nast\u0119puje zaliczenie us\u0142ugi.<\/p>\n<p style=\"padding-left: 30px;\">8. \u00a0 \u00a0 Przed rozpocz\u0119ciem \u0107wicze\u0144 wymaga si\u0119 zdj\u0119cia wszelkiej bi\u017cuterii oraz element\u00f3w metalowych z w\u0142os\u00f3w.<\/p>\n<p style=\"padding-left: 30px;\">9. \u00a0 \u00a0 W razie pogorszenia samopoczucia i pogorszenia komfortu \u0107wicze\u0144, klient zobowi\u0105zany jest do natychmiastowego powiadomienia o tym fakcie personel Studia.<\/p>\n<p style=\"padding-left: 30px;\">10. \u00a0 Tylko i wy\u0142\u0105cznie personel Studia uprawniony jest do sterowania urz\u0105dzeniami przeznaczonymi do \u0107wicze\u0144.<\/p>\n<h3><strong>IV. Karnety<\/strong><\/h3>\n<p style=\"padding-left: 30px;\">1. \u00a0 \u00a0 Ka\u017cda osoba, kt\u00f3ra chce skorzysta\u0107 z urz\u0105dze\u0144 w Studio Modelowania Sylwetki, zobowi\u0105zana jest do wykupienia karnetu, lub uiszczenia jednorazowej op\u0142aty, zgodnie z <a href=\"http:\/\/vacutrening.pl\/?page_id=12\">obowi\u0105zuj\u0105cym cennikiem<\/a>.<\/p>\n<p style=\"padding-left: 30px;\">2. \u00a0 \u00a0 Wszystkie karnety s\u0105 imienne i nie mog\u0105 by\u0107 wykorzystywane przez inne osoby.<\/p>\n<p style=\"padding-left: 30px;\">3. \u00a0 \u00a0 Okazanie karnetu jest obowi\u0105zkowe przed ka\u017cd\u0105 wizyt\u0105 w Studio.<\/p>\n<p style=\"padding-left: 30px;\">5. \u00a0 \u00a0 Termin wa\u017cno\u015bci karnet\u00f3w:<\/p>\n<p style=\"padding-left: 60px;\">\u2666 \u00a0 \u00a0<em> 5 i 10 wej\u015b\u0107<\/em> \u2013 <strong>1 miesi\u0105c od daty wykupienia,<\/strong><\/p>\n<p style=\"padding-left: 60px;\">\u2666 \u00a0 \u00a0 <em>15 i 20 wej\u015b\u0107<\/em> \u2013 <strong>3 miesi\u0105ce od daty wykupienia.<\/strong><\/p>\n<p style=\"padding-left: 30px;\">Po up\u0142ywie terminu, karnety nie b\u0119d\u0105 uznawane, a w takim przypadku klienci zobowi\u0105zani s\u0105 do uiszczenia op\u0142aty jednorazowej, b\u0105d\u017a do zakupu wa\u017cnego karnetu.<\/p>\n<h3><strong>V. Promocje<\/strong><\/h3>\n<p style=\"padding-left: 30px;\">1. \u00a0 \u00a0 Ka\u017cdy klient Studia Modelowania Sylwetki uprawniony jest do korzystania z organizowanych, zapowiedzianych akcji promocyjnych wed\u0142ug oddzielnych ustale\u0144.<\/p>\n<p style=\"padding-left: 30px;\">2. \u00a0 \u00a0 Aktualnie dost\u0119pne promocje nie \u0142\u0105cz\u0105 si\u0119.<\/p>\n<p>&nbsp;<\/p>\n<h3><strong>VI. Postanowienia ko\u0144cowe<\/strong><\/h3>\n<p style=\"padding-left: 30px;\">1. \u00a0 \u00a0 Klient wykupuj\u0105c us\u0142ugi w Studio Modelowania Sylwetki i korzystaj\u0105cy ze znajduj\u0105cych si\u0119 w nim urz\u0105dze\u0144 o\u015bwiadcza, \u017ce nie posiada \u017cadnych przeciwwskaza\u0144 lekarskich do udzia\u0142u w zaj\u0119ciach o charakterze rekreacyjnym, a w przypadku ich wyst\u0105pienia, zobowi\u0105zany jest do pisemnego poinformowania o tym fakcie kierownictwa Studia Modelowania Sylwetki.<em> (Rozporz\u0105dzenie Ministra Edukacji Narodowej z dnia 12.09.2001r. Dz. U, Nr 101, poz. 1095)<\/em><\/p>\n<p style=\"padding-left: 30px;\">1. \u00a0 \u00a0 Op\u0142ata jednorazowa upowa\u017cnia do korzystania z us\u0142ugi w zale\u017cno\u015bci od jej rodzaju oraz czasu trwania, wed\u0142ug <a href=\"http:\/\/vacutrening.pl\/?page_id=12\">aktualnego cennika<\/a>.<\/p>\n<p style=\"padding-left: 30px;\">2. \u00a0 \u00a0 Rezerwacja us\u0142ugi jednoznaczna jest z jej wykorzystaniem. W przypadku sytuacji losowych, sposoby odwo\u0142ania rezerwacji om\u00f3wiono w punkcie 2.<\/p>\n<p style=\"padding-left: 30px;\">3. \u00a0 \u00a0 Studio zastrzega sobie prawo do wprowadzania zmian w regulaminie oraz <a href=\"http:\/\/vacutrening.pl\/?page_id=12\">cenniku us\u0142ug i produkt\u00f3w<\/a>.<\/p>\n<p style=\"padding-left: 30px;\">4. \u00a0 \u00a0 W przypadku rezygnacji z us\u0142ug Studia Modelowania Sylwetki przed up\u0142ywem wa\u017cno\u015bci wykupionego karnetu lub przed wykorzystaniem wszystkich zabieg\u00f3w, Studio nie zwraca wniesionych op\u0142at ani ich cz\u0119\u015bci.<\/p>\n<p style=\"padding-left: 30px;\">5. \u00a0 \u00a0 Studio nie ponosi odpowiedzialno\u015bci za pozostawione rzeczy.<\/p>\n<p style=\"padding-left: 30px;\">6. \u00a0 \u00a0 Podanie wszelkich danych personalnych, w tym numeru telefonu oraz adresu poczty e-mail, oznacza wyra\u017cenie zgody na przetwarzanie danych w celach marketingowych przez firm\u0119 PPUH Jawirem Sp. z o.o.<\/p>\n<p style=\"padding-left: 30px;\">7. \u00a0 \u00a0 Klient ma prawo do wgl\u0105du i wniesienia poprawek do pozostawionych wcze\u015bniej danych personalnych oraz numeru telefonu i adresu poczty e-mail. Studio nie gromadzi danych w innym celu ni\u017c realizacja umowy sprzeda\u017cy oraz za\u0142o\u017cenie karty informacyjnej klienta.<\/p>\n<p style=\"padding-left: 30px;\">8. \u00a0 \u00a0 Studio nie usuwa automatycznie danych klient\u00f3w po realizacji umowy sprzeda\u017cy w celu informowania o nowych us\u0142ugach i akcjach promocyjnych w przysz\u0142o\u015bci.<\/p>\n<p style=\"padding-left: 30px;\">9. \u00a0 \u00a0 Dane te nie b\u0119d\u0105 przekazywane innym instytucjom, ani podmiotom gospodarczym, kt\u00f3re mog\u0142yby wykorzysta\u0107 te dane w celach marketingowych.<\/p>\n<h3 style=\"text-align: center;\"><em>Regulamin obowi\u0105zuje od dnia 13.10.2014r.<\/em><\/h3>\n","protected":false},"excerpt":{"rendered":"<p>&nbsp;\r\nI. Klient Studia\r\n1. \u00a0 \u00a0 Klientem studia mo\u017ce by\u0107 tylko i wy\u0142\u0105cznie osoba pe\u0142noletnia. W ...<\/p>","protected":false},"author":1,"featured_media":0,"parent":0,"menu_order":0,"comment_status":"open","ping_status":"open","template":"","meta":[],"aioseo_notices":[],"_links":{"self":[{"href":"https:\/\/vacutrening.pl\/index.php?rest_route=\/wp\/v2\/pages\/10"}],"collection":[{"href":"https:\/\/vacutrening.pl\/index.php?rest_route=\/wp\/v2\/pages"}],"about":[{"href":"https:\/\/vacutrening.pl\/index.php?rest_route=\/wp\/v2\/types\/page"}],"author":[{"embeddable":true,"href":"https:\/\/vacutrening.pl\/index.php?rest_route=\/wp\/v2\/users\/1"}],"replies":[{"embeddable":true,"href":"https:\/\/vacutrening.pl\/index.php?rest_route=%2Fwp%2Fv2%2Fcomments&post=10"}],"version-history":[{"count":25,"href":"https:\/\/vacutrening.pl\/index.php?rest_route=\/wp\/v2\/pages\/10\/revisions"}],"predecessor-version":[{"id":287,"href":"https:\/\/vacutrening.pl\/index.php?rest_route=\/wp\/v2\/pages\/10\/revisions\/287"}],"wp:attachment":[{"href":"https:\/\/vacutrening.pl\/index.php?rest_route=%2Fwp%2Fv2%2Fmedia&parent=10"}],"curies":[{"name":"wp","href":"https:\/\/api.w.org\/{rel}","templated":true}]}}