{"id":130,"date":"2014-10-30T23:29:08","date_gmt":"2014-10-30T22:29:08","guid":{"rendered":"http:\/\/vacutrening.pl\/?page_id=130"},"modified":"2014-11-07T20:20:12","modified_gmt":"2014-11-07T19:20:12","slug":"activslim","status":"publish","type":"page","link":"https:\/\/vacutrening.pl\/?page_id=130","title":{"rendered":"ActivSlim"},"content":{"rendered":"<p><strong>\u0141\u00f3\u017cko Activ Slim IR 6 w 1<\/strong> &#8211; jest to jedna z najskuteczniejszych metod w walce z oty\u0142o\u015bci\u0105 oraz cellulitem. Kumulacja <strong>drena\u017cu limfatycznego<\/strong>, <strong>terapii cieplnej <em>Infrared<\/em><\/strong>, <strong>terapii magnetycznej<\/strong>, <strong>elektrostymulacji<\/strong> zapewnia skuteczn\u0105 redukcj\u0119 wagi, kt\u00f3ra daje zauwa\u017calne i satysfakcjonuj\u0105ce rezultaty. Do\u015bwiadczamy <strong>redukcji tkanki t\u0142uszczowej<\/strong>, <strong>uj\u0119drnienie<\/strong> oraz <strong>regeneracj\u0119 tkanki \u0142\u0105cznej<\/strong>, a tak\u017ce <strong>poprawienie og\u00f3lnej odporno\u015bci<\/strong> organizmu. Drena\u017c limfatyczny jest idealnym \u015brodkiem w walce z opuchlizn\u0105 i uczuciem <em>\u201eci\u0119\u017ckich n\u00f3g\u201d<\/em>. Body Shaper dzia\u0142a zar\u00f3wno na nogi, jak i na brzuch, biodra oraz r\u0119ce.<\/p>\n<p>&nbsp;<\/p>\n<p><a href=\"http:\/\/vacutrening.pl\/wp-content\/uploads\/2014\/10\/SDC18807.jpg\"><img decoding=\"async\" loading=\"lazy\" class=\"size-medium wp-image-223 aligncenter\" src=\"http:\/\/vacutrening.pl\/wp-content\/uploads\/2014\/10\/SDC18807-233x300.jpg\" alt=\"SDC18807\" srcset=\"https:\/\/vacutrening.pl\/wp-content\/uploads\/2014\/10\/SDC18807-233x300.jpg 233w, https:\/\/vacutrening.pl\/wp-content\/uploads\/2014\/10\/SDC18807.jpg 411w\" sizes=\"(max-width: 233px) 100vw, 233px\" \/><\/a><\/p>\n<h3>\u00a0<strong>Wskazania do zabieg\u00f3w:<\/strong><\/h3>\n<p style=\"padding-left: 30px;\">\u2666 \u00a0 \u00a0Oty\u0142o\u015b\u0107, cellulit, brak j\u0119drno\u015bci sk\u00f3ry oraz uczucie \u201eci\u0119\u017ckich n\u00f3g\u201d,<\/p>\n<p style=\"padding-left: 30px;\">\u2666 \u00a0 \u00a0B\u00f3le, problemy mi\u0119\u015bniowe oraz brak ruchu,<\/p>\n<p style=\"padding-left: 30px;\">\u2666 \u00a0 \u00a0Zanik mi\u0119\u015bni i zbyt szybki spadek wagi,<\/p>\n<p style=\"padding-left: 30px;\">\u2666 \u00a0 \u00a0Okres po porodzie oraz po drastycznym odchudzaniu,<\/p>\n<h3><strong>Programy \u0107wiczeniowe:<\/strong><\/h3>\n<p style=\"padding-left: 30px;\">\u2666 \u00a0 <strong>\u00a0Odchudzanie<\/strong> \u2013 intensywny drena\u017c, grzanie Infrared, du\u017ca moc fal magnetycznych oraz stymulacji pr\u0105dowej \u2013 20 minut.<\/p>\n<p style=\"padding-left: 30px;\">\u2666 \u00a0 \u00a0<strong>Kszta\u0142towanie figury<\/strong> \u2013 mniej intensywny ni\u017c program \u201eOdchudzanie\u201d \u2013 <strong>30 minut.<\/strong><\/p>\n<p style=\"padding-left: 30px;\">\u2666 \u00a0 \u00a0<strong>Masa\u017c<\/strong> \u2013 Grzanie Infrared, fale magnetyczne oraz stymulacja pr\u0105dowa \u2013 <strong>45 minut.<\/strong><\/p>\n<p style=\"padding-left: 30px;\">\u2666 \u00a0 \u00a0<strong>\u0106wiczenie<\/strong> \u2013 Drena\u017c limfatyczny, fale magnetyczne, stymulacja pr\u0105dowa \u2013 <strong>15 minut.<\/strong><\/p>\n<p>&nbsp;<\/p>\n\n\t\t<style type=\"text\/css\">\n\t\t\t#gallery-1 {\n\t\t\t\tmargin: auto;\n\t\t\t}\n\t\t\t#gallery-1 .gallery-item {\n\t\t\t\tfloat: left;\n\t\t\t\tmargin-top: 10px;\n\t\t\t\ttext-align: center;\n\t\t\t\twidth: 33%;\n\t\t\t}\n\t\t\t#gallery-1 img {\n\t\t\t\tborder: 2px solid #cfcfcf;\n\t\t\t}\n\t\t\t#gallery-1 .gallery-caption {\n\t\t\t\tmargin-left: 0;\n\t\t\t}\n\t\t\t\/* see gallery_shortcode() in wp-includes\/media.php *\/\n\t\t<\/style>\n\t\t<div id='gallery-1' class='gallery galleryid-130 gallery-columns-3 gallery-size-thumbnail'><dl class='gallery-item'>\n\t\t\t<dt class='gallery-icon portrait'>\n\t\t\t\t<a href='https:\/\/vacutrening.pl\/wp-content\/uploads\/2014\/10\/SDC18809.jpg'><img width=\"150\" height=\"150\" src=\"https:\/\/vacutrening.pl\/wp-content\/uploads\/2014\/10\/SDC18809-150x150.jpg\" class=\"attachment-thumbnail size-thumbnail\" alt=\"\" decoding=\"async\" loading=\"lazy\" \/><\/a>\n\t\t\t<\/dt><\/dl><dl class='gallery-item'>\n\t\t\t<dt class='gallery-icon portrait'>\n\t\t\t\t<a href='https:\/\/vacutrening.pl\/wp-content\/uploads\/2014\/10\/SDC18813.jpg'><img width=\"150\" height=\"150\" src=\"https:\/\/vacutrening.pl\/wp-content\/uploads\/2014\/10\/SDC18813-150x150.jpg\" class=\"attachment-thumbnail size-thumbnail\" alt=\"\" decoding=\"async\" loading=\"lazy\" \/><\/a>\n\t\t\t<\/dt><\/dl><dl class='gallery-item'>\n\t\t\t<dt class='gallery-icon portrait'>\n\t\t\t\t<a href='https:\/\/vacutrening.pl\/wp-content\/uploads\/2014\/10\/SDC18817.jpg'><img width=\"150\" height=\"150\" src=\"https:\/\/vacutrening.pl\/wp-content\/uploads\/2014\/10\/SDC18817-150x150.jpg\" class=\"attachment-thumbnail size-thumbnail\" alt=\"\" decoding=\"async\" loading=\"lazy\" \/><\/a>\n\t\t\t<\/dt><\/dl><br style=\"clear: both\" \/>\n\t\t<\/div>\n\n<p>Przed zabiegiem nale\u017cy<strong> ograniczy\u0107 spo\u017cycie t\u0142ustych i ci\u0119\u017ckostrawnych posi\u0142k\u00f3w<\/strong> oraz stosowa\u0107 zasad\u0119 spo\u017cywania <strong>5 posi\u0142k\u00f3w dziennie co 3 godziny.<\/strong> Zaleca si\u0119, by stosowa\u0107 seri\u0119 sk\u0142adaj\u0105c\u0105 si\u0119 z <strong>10 \u2013 ciu zabieg\u00f3w dwa razy w tygodniu.<\/strong><\/p>\n<h3><strong>\u00a0Przeciwwskazania:<\/strong><\/h3>\n<p style=\"padding-left: 30px;\">\u2666 \u00a0 \u00a0Gru\u017alica, nowotwory, krwawienia,<\/p>\n<p style=\"padding-left: 30px;\">\u2666 \u00a0 \u00a0Ci\u0105\u017ca, miesi\u0105czka,<\/p>\n<p style=\"padding-left: 30px;\">\u2666 \u00a0 \u00a0Wszczepiony rozrusznik serca,<\/p>\n<p style=\"padding-left: 30px;\">\u2666 \u00a0 \u00a0Obrz\u0119ki oraz zakrzepowe zapalenie \u017cy\u0142,<\/p>\n<p style=\"padding-left: 30px;\">\u2666 \u00a0 \u00a0Zapalenie p\u0119cherzyka \u017c\u00f3\u0142ciowego,<\/p>\n<p style=\"padding-left: 30px;\">\u2666 \u00a0 \u00a0Ropie\u0144 nerki i w\u0105troby,<\/p>\n<p style=\"padding-left: 30px;\">\u2666 \u00a0 \u00a0Obecno\u015b\u0107 metalowych implant\u00f3w,<\/p>\n<p style=\"padding-left: 30px;\">\u2666 \u00a0 \u00a0Przezi\u0119bienie, astma,<\/p>\n<p style=\"padding-left: 30px;\">\u2666 \u00a0 \u00a0Problemy z sercem i kr\u0105\u017ceniem,<\/p>\n<p style=\"padding-left: 30px;\">\u2666 \u00a0 \u00a0Wrzody, guzy, choroby weneryczne, padaczka,<\/p>\n<p style=\"padding-left: 30px;\">\u2666 \u00a0 \u00a0Nie zako\u0144czony wzrost kostny,<\/p>\n<p style=\"padding-left: 30px;\">\u2666 \u00a0 \u00a0Stany po terapii promieniami RTG.<\/p>\n","protected":false},"excerpt":{"rendered":"<p>\u0141\u00f3\u017cko Activ Slim IR 6 w 1 - jest to jedna z najskuteczniejszych metod w ...<\/p>","protected":false},"author":1,"featured_media":0,"parent":0,"menu_order":0,"comment_status":"open","ping_status":"open","template":"","meta":[],"aioseo_notices":[],"_links":{"self":[{"href":"https:\/\/vacutrening.pl\/index.php?rest_route=\/wp\/v2\/pages\/130"}],"collection":[{"href":"https:\/\/vacutrening.pl\/index.php?rest_route=\/wp\/v2\/pages"}],"about":[{"href":"https:\/\/vacutrening.pl\/index.php?rest_route=\/wp\/v2\/types\/page"}],"author":[{"embeddable":true,"href":"https:\/\/vacutrening.pl\/index.php?rest_route=\/wp\/v2\/users\/1"}],"replies":[{"embeddable":true,"href":"https:\/\/vacutrening.pl\/index.php?rest_route=%2Fwp%2Fv2%2Fcomments&post=130"}],"version-history":[{"count":9,"href":"https:\/\/vacutrening.pl\/index.php?rest_route=\/wp\/v2\/pages\/130\/revisions"}],"predecessor-version":[{"id":284,"href":"https:\/\/vacutrening.pl\/index.php?rest_route=\/wp\/v2\/pages\/130\/revisions\/284"}],"wp:attachment":[{"href":"https:\/\/vacutrening.pl\/index.php?rest_route=%2Fwp%2Fv2%2Fmedia&parent=130"}],"curies":[{"name":"wp","href":"https:\/\/api.w.org\/{rel}","templated":true}]}}