{"id":7,"date":"2014-10-24T19:27:17","date_gmt":"2014-10-24T17:27:17","guid":{"rendered":"http:\/\/vacutrening.pl\/?page_id=7"},"modified":"2014-11-07T20:19:06","modified_gmt":"2014-11-07T19:19:06","slug":"oferta","status":"publish","type":"page","link":"https:\/\/vacutrening.pl\/?page_id=7","title":{"rendered":"Oferta"},"content":{"rendered":"<p>Serdecznie zapraszamy do zapoznania si\u0119 z nasz\u0105 ofert\u0105, kt\u00f3r\u0105 z ka\u017cdym dniem staramy si\u0119 ulepszy\u0107 dopasowa\u0107 w taki spos\u00f3b, by <strong>zadowoli\u0107 nawet najbardziej wymagaj\u0105cych klient\u00f3w<\/strong> i <strong>dopasowa\u0107 programy \u0107wicze\u0144 do ich indywidualnych potrzeb.<\/strong><\/p>\n<p>&nbsp;<\/p>\n<p><a href=\"http:\/\/vacutrening.pl\/wp-content\/uploads\/2014\/10\/recepcja.jpg\"><img decoding=\"async\" loading=\"lazy\" class=\"size-medium wp-image-259 aligncenter\" src=\"http:\/\/vacutrening.pl\/wp-content\/uploads\/2014\/10\/recepcja-240x300.jpg\" alt=\"recepcja\" srcset=\"https:\/\/vacutrening.pl\/wp-content\/uploads\/2014\/10\/recepcja-240x300.jpg 240w, https:\/\/vacutrening.pl\/wp-content\/uploads\/2014\/10\/recepcja.jpg 457w\" sizes=\"(max-width: 240px) 100vw, 240px\" \/><\/a><\/p>\n<p>&nbsp;<\/p>\n<p>W ofercie naszego Studio znajduje si\u0119 ca\u0142a gama urz\u0105dze\u0144 <strong>modeluj\u0105cych<\/strong> i\u00a0<strong>poprawiaj\u0105cych wygl\u0105d sylwetki<\/strong>\u00a0oraz <strong>og\u00f3lne samopoczucie<\/strong>. W chwili obecnej do dyspozycji klient\u00f3w mamy nast\u0119puj\u0105ce, najwy\u017cszej jako\u015bci urz\u0105dzenia:<\/p>\n<p>&nbsp;<\/p>\n<ul>\n<li><strong><a href=\"http:\/\/vacutrening.pl\/?page_id=124\">Kapsu\u0142a BodyShape<\/a><\/strong><\/li>\n<li><strong><a href=\"http:\/\/vacutrening.pl\/?page_id=126\">Rollmasa\u017c RollShape<\/a><\/strong><\/li>\n<li><strong><a href=\"http:\/\/vacutrening.pl\/?page_id=128\">Platforma wibracyjna VibraShape<\/a><\/strong><\/li>\n<li><strong><a href=\"http:\/\/vacutrening.pl\/?page_id=130\">\u0141\u00f3\u017cko Activ Slim IR 6 w 1<\/a><\/strong><\/li>\n<\/ul>\n<p>Oferujemy tak\u017ce profesjonalne doradztwo wykwalifikowanego personelu w zakresie wykonywania \u0107wicze\u0144 na znajduj\u0105cych si\u0119 w naszym Studio urz\u0105dzeniach oraz doboru odpowiednich, spersonalizowanych program\u00f3w treningowych w taki spos\u00f3b, aby proces modelowania i kszta\u0142towania sylwetki by\u0142 jak najbardziej efektywny.<\/p>\n<p>&nbsp;<\/p>\n<p>Zapraszamy do zapoznania si\u0119 z naszym <a href=\"http:\/\/vacutrening.pl\/?page_id=12\">cennikiem<\/a> oraz do <a href=\"http:\/\/vacutrening.pl\/?page_id=2\">kontaktu<\/a> w celu dokonania rezerwacji.<\/p>\n","protected":false},"excerpt":{"rendered":"<p>Serdecznie zapraszamy do zapoznania si\u0119 z nasz\u0105 ofert\u0105, kt\u00f3r\u0105 z ka\u017cdym dniem staramy si\u0119 ulepszy\u0107 ...<\/p>","protected":false},"author":1,"featured_media":0,"parent":0,"menu_order":0,"comment_status":"open","ping_status":"open","template":"","meta":[],"aioseo_notices":[],"_links":{"self":[{"href":"https:\/\/vacutrening.pl\/index.php?rest_route=\/wp\/v2\/pages\/7"}],"collection":[{"href":"https:\/\/vacutrening.pl\/index.php?rest_route=\/wp\/v2\/pages"}],"about":[{"href":"https:\/\/vacutrening.pl\/index.php?rest_route=\/wp\/v2\/types\/page"}],"author":[{"embeddable":true,"href":"https:\/\/vacutrening.pl\/index.php?rest_route=\/wp\/v2\/users\/1"}],"replies":[{"embeddable":true,"href":"https:\/\/vacutrening.pl\/index.php?rest_route=%2Fwp%2Fv2%2Fcomments&post=7"}],"version-history":[{"count":11,"href":"https:\/\/vacutrening.pl\/index.php?rest_route=\/wp\/v2\/pages\/7\/revisions"}],"predecessor-version":[{"id":283,"href":"https:\/\/vacutrening.pl\/index.php?rest_route=\/wp\/v2\/pages\/7\/revisions\/283"}],"wp:attachment":[{"href":"https:\/\/vacutrening.pl\/index.php?rest_route=%2Fwp%2Fv2%2Fmedia&parent=7"}],"curies":[{"name":"wp","href":"https:\/\/api.w.org\/{rel}","templated":true}]}}